{"id":30688,"date":"2022-10-04T11:24:30","date_gmt":"2022-10-04T11:24:30","guid":{"rendered":"https:\/\/fersped.si\/storitve\/"},"modified":"2025-05-13T09:02:43","modified_gmt":"2025-05-13T09:02:43","slug":"services","status":"publish","type":"page","link":"https:\/\/fersped.si\/en\/services\/","title":{"rendered":"Services"},"content":{"rendered":"<p><section id=\"road-transport\" class=\"kc-elm kc-css-998985 kc_row px-lg-15\"><div class=\" container-fluid\"><div class=\"row\"><div class=\"kc-elm kc-css-905830 col-lg-6 column col-12\"><div class=\"kc-col-container\"><div class=\"kc-elm kc-css-478919 kc_shortcode kc_single_image\">\n\n        <img decoding=\"async\" src=\"https:\/\/fersped.si\/wp-content\/uploads\/2022\/10\/logistika.jpg\" class=\"\" alt=\"\" \/>    <\/div>\n<div class=\"kc-elm kc-css-858304 row\"><div class=\"kc-elm kc-css-412851 col-12 col-lg-12 column_inner\"><div class=\"d-flex flex-column contact-offset kc_wrapper kc-col-inner-container\"><div class=\"div-wrapper kc-elm kc-css-4866 purple-contact-box\"><div class=\"kc-elm kc-css-639547 kc_text_block\"><\/p>\n<p><em><strong>Contact for road transport<\/strong><\/em><\/p>\n<p><strong>Manager<\/strong> Matja\u017e \u0160uster<br \/><strong>Phone<\/strong> <a href=\"tel:+386 3 425 76 12\">+386 3 425 76 12<\/a><br \/><strong>E-mail<\/strong> <a href=\"matjaz.suster@fersped.si\">matjaz.suster@fersped.si<\/a><br \/><strong>Address<\/strong> Kidri\u010deva 34, SI-3000 Celje<\/p>\n<p>\n<\/div><\/div><div class=\"div-wrapper kc-elm kc-css-363165 purple-contact-box\"><div class=\"kc-elm kc-css-990262 kc_text_block\"><\/p>\n<p><em><b>Contact for rail transport<\/b><\/em><\/p>\n<p><strong>Department manager<\/strong>\u00a0Mira Alja\u017e<br \/><strong>Phone<\/strong> <a href=\"tel:+386 1 300 71 16\">+386 1 300 71 16<\/a><br \/><strong>E-mail<\/strong> <a href=\"mailto:mira.aljaz@fersped.si\">mira.aljaz@fersped.si<\/a><br \/><strong>Address<\/strong> Zalo\u0161ka cesta 219, SI-1000 Ljubljana<\/p>\n<p>\n<\/div><\/div><\/div><\/div><\/div><\/div><\/div><div class=\"kc-elm kc-css-226789 col-lg-6 column col-12\"><div class=\"kc-col-container\"><div class=\"div-wrapper kc-elm kc-css-108906 white-offset-left\">\n<div class=\"kc-elm kc-css-284104 kc-title-wrap \">\n\n\t<h2 class=\"kc_title\">Road transport<\/h2>\n<\/div>\n<div class=\"kc-elm kc-css-845274 kc_text_block\"><\/p>\n<p><strong>ROAD TRANSPORT<\/strong><\/p>\n<p>We are a long-established company with many years of experience in <strong>road transport<\/strong>.With our organisational capacities and the help of our long-standing partners <strong>we provide full load, combined transport of smaller shipments, dangerous goods (ADR), oversize and refrigerated transport.<\/strong><\/p>\n<p>We also set up a regular line for groupage consignments and full trackload shipping:\u00a0SLO-ITA-SLO and\u00a0TUR-SLO-TUR<\/p>\n<p><b>RAIL TRANSPORT<\/b><\/p>\n<p>As a member of the Slovenian Railways Group, we offer <strong>comprehensive rail transport logistics<\/strong> throughout Slovenia and Europe.<\/p>\n<p>Our range of services includes the organisation of <strong>all types of combined transport, transport of individual wagon consignments or full trains.<\/strong><\/p>\n<p>\n<\/div><\/div><\/div><\/div><\/div><\/div><\/section><section id=\"maritime-logistics\" class=\"kc-elm kc-css-669351 kc_row px-lg-15\"><div class=\" container-fluid\"><div class=\"row\"><div class=\"kc-elm kc-css-637851 col-lg-6 column col-12\"><div class=\"kc-col-container\"><div class=\"div-wrapper kc-elm kc-css-548226 white-offset-right\">\n<div class=\"kc-elm kc-css-303746 kc-title-wrap \">\n\n\t<h2 class=\"kc_title\">Maritime logistics<\/h2>\n<\/div>\n<div class=\"kc-elm kc-css-447332 kc_text_block\"><\/p>\n<p><strong>MARITIME LOGISTICS<\/strong><\/p>\n<p>We offer comprehensive logistics solutions for container and other types of <strong>overseas transport<\/strong> for imports and exports.<\/p>\n<p>We <strong>provide transhipment services, customs formalities and other services<\/strong> at the client\u2019s request.<\/p>\n<p>\n<\/div><\/div><\/div><\/div><div class=\"kc-elm kc-css-286742 col-lg-6 column col-12\"><div class=\"kc-col-container\"><div class=\"kc-elm kc-css-78188 kc_shortcode kc_single_image text-right\">\n\n        <img decoding=\"async\" src=\"https:\/\/fersped.si\/wp-content\/uploads\/2022\/10\/pomorska.jpg\" class=\"\" alt=\"\" \/>    <\/div>\n<div class=\"kc-elm kc-css-318960 row\"><div class=\"kc-elm kc-css-474651 col-12 col-lg-12 column_inner\"><div class=\"d-flex flex-column align-items-end contact-offset-left kc_wrapper kc-col-inner-container\"><div class=\"div-wrapper kc-elm kc-css-170878 purple-contact-box\"><div class=\"kc-elm kc-css-995977 kc_text_block\"><\/p>\n<p><em><strong>Contact for sea transport<br \/><\/strong><\/em><strong>Department manager<\/strong> Darja Koleto<br \/><strong>Phone<\/strong> <a href=\"tel: +386 1 300 71 90\">+386 1 300 71 90<\/a><br \/><strong>E-mail<\/strong> <a href=\"mailto:darja.koleto@fersped.si\" target=\"_blank\" rel=\"noopener\">darja.koleto@fersped.si<\/a><br \/><strong>Address<\/strong> Vojkovo nabre\u017eje 10, SI-6000 Koper<\/p>\n<p>\n<\/div><\/div><\/div><\/div><\/div><\/div><\/div><\/div><\/div><\/section><section id=\"air-transport-logistics\" class=\"kc-elm kc-css-595700 kc_row px-lg-15\"><div class=\" container-fluid\"><div class=\"row\"><div class=\"kc-elm kc-css-247985 col-lg-6 column col-12\"><div class=\"kc-col-container\"><div class=\"kc-elm kc-css-281281 kc_shortcode kc_single_image\">\n\n        <img decoding=\"async\" src=\"https:\/\/fersped.si\/wp-content\/uploads\/2022\/10\/avio.jpg\" class=\"\" alt=\"\" \/>    <\/div>\n<div class=\"kc-elm kc-css-673315 row\"><div class=\"kc-elm kc-css-509436 col-12 col-lg-12 column_inner\"><div class=\"d-flex flex-column contact-offset kc_wrapper kc-col-inner-container\"><div class=\"div-wrapper kc-elm kc-css-237704 purple-contact-box\"><div class=\"kc-elm kc-css-164726 kc_text_block\"><\/p>\n<p><em><strong>Contact for air transport<br \/><\/strong><\/em><strong>Department manager<\/strong> Miroslav Strajnar<br \/><strong>Phone<\/strong>: <a href=\"tel:+386 4 202 32 01\">+386 4 202 32 01<\/a><br \/><strong>E-mail<\/strong>: <a href=\"mailto:miroslav.strajnar@fersped.si\">miroslav.strajnar@fersped.si<\/a><br \/><strong>Address<\/strong> Letali\u0161\u010de Ljubljana, SI-4210 Brnik<\/p>\n<p>\n<\/div><\/div><\/div><\/div><\/div><\/div><\/div><div class=\"kc-elm kc-css-210800 col-lg-6 column col-12\"><div class=\"kc-col-container\"><div class=\"div-wrapper kc-elm kc-css-444858 white-offset-left\">\n<div class=\"kc-elm kc-css-795722 kc-title-wrap \">\n\n\t<h2 class=\"kc_title\">Air transport logistics<\/h2>\n<\/div>\n<div class=\"kc-elm kc-css-608089 kc_text_block\"><\/p>\n<p>Our branch office at the Ljubljana Airport provides our clients with <strong>comprehensive air transport services.<\/strong><\/p>\n<p>We also provide road feeder <strong>service (RFS)<\/strong>, where we pick up goods at large airports using combined vehicles and deliver them to Ljubljana Airport or vice versa by road. As a member of the IATA we also transport <strong>freight under special circumstances<\/strong> (ADR, temperature range, etc.).<\/p>\n<p>\n<\/div><\/div><\/div><\/div><\/div><\/div><\/section><section id=\"customs-clearance-terminal-services-and-warehousing\" class=\"kc-elm kc-css-627871 kc_row px-lg-15\"><div class=\" container-fluid\"><div class=\"row\"><div class=\"kc-elm kc-css-676014 col-lg-6 column col-12\"><div class=\"kc-col-container\"><div class=\"div-wrapper kc-elm kc-css-627949 white-offset-right\">\n<div class=\"kc-elm kc-css-225213 kc-title-wrap \">\n\n\t<h2 class=\"kc_title\">Customs clearance, terminal services and warehousing<\/h2>\n<\/div>\n<div class=\"kc-elm kc-css-161150 kc_text_block\"><\/p>\n<p>We have a 10,000 m2 <strong>customs warehouse in Koper<\/strong>, and 2,000 m2 warehouses in <strong>Nova Gorica and Celje<\/strong>.<\/p>\n<p>Our warehouse in Koper is directly adjacent to the <a href=\"http:\/\/luka-kp.si\" target=\"_blank\" rel=\"noopener\">Port of Koper<\/a>. This makes it optimal for transhipment of goods from\/to the EU.<\/p>\n<p>In August 2021, we increased the capacity of the customs warehouse in Ljubljana by approximately 2,000 m2. Next to the storage hall, there is also an outdoor area for non-customs goods.<\/p>\n<p><strong>We also offer<\/strong>:<\/p>\n<ul>\n<li>goods storage,<\/li>\n<li>customs formalities (we have an AEO certificate),<\/li>\n<li>phytosanitary inspections,<\/li>\n<li>radiology inspections\u00a0and<\/li>\n<li>other custom-tailored services.<\/li>\n<\/ul>\n<p>\n<\/div><\/div><\/div><\/div><div class=\"kc-elm kc-css-650165 col-lg-6 column col-12\"><div class=\"kc-col-container\"><div class=\"kc-elm kc-css-737632 kc_shortcode kc_single_image text-right\">\n\n        <img decoding=\"async\" src=\"https:\/\/fersped.si\/wp-content\/uploads\/2022\/10\/carina.jpg\" class=\"\" alt=\"\" \/>    <\/div>\n<div class=\"kc-elm kc-css-738250 row\"><div class=\"kc-elm kc-css-707296 col-12 col-lg-12 column_inner\"><div class=\"d-flex flex-column align-items-end contact-offset-left kc_wrapper kc-col-inner-container\"><div class=\"div-wrapper kc-elm kc-css-838112 purple-contact-box\"><div class=\"kc-elm kc-css-889587 kc_text_block\"><\/p>\n<p><em><strong>Contact for customs clearance<br \/><\/strong><\/em><strong>Department manager<\/strong> Dominik Hozjan<br \/><strong>Phone<\/strong> <a href=\"tel:+386 3 425 76 17\">+386 3 425 76 17<\/a><br \/><strong>E-mail<\/strong> <a href=\"mailto:dominik.hozjan@fersped.si\">dominik.hozjan@fersped.si<\/a><br \/><strong>Address<\/strong> Kidri\u010deva 34, SI- 3000 Celje<\/p>\n<p>\n<\/div><\/div><div class=\"div-wrapper kc-elm kc-css-142762 purple-contact-box\"><div class=\"kc-elm kc-css-554839 kc_text_block\"><\/p>\n<p><em><strong>Contact for storage<br \/><\/strong><\/em><strong>Department manager<\/strong> Dejan Kosmina<br \/><b>Phone <\/b><a href=\"tel:+386 5 612 00 33\">+386 5 612 00 33<\/a><br \/><b>Gsm <\/b><a href=\"tel:+386 31 218 716\">+386 31 218 716<\/a><br \/><strong>E-mail\u00a0<\/strong><a href=\"mailto:dejan.kosmina@fersped.si\">dejan.kosmina@fersped.si<\/a><br \/><strong>Address<\/strong> Ferrarska ulica 38, SI-6000 Koper<\/p>\n<p>\n<\/div><\/div><\/div><\/div><\/div><\/div><\/div><\/div><\/div><\/section><section id=\"air-transport-logistics\" class=\"kc-elm kc-css-553886 kc_row px-lg-15\"><div class=\" container-fluid\"><div class=\"row\"><div class=\"kc-elm kc-css-909365 col-lg-6 column col-12\"><div class=\"kc-col-container\"><div class=\"kc-elm kc-css-340450 kc_shortcode kc_single_image\">\n\n        <img decoding=\"async\" src=\"https:\/\/fersped.si\/wp-content\/uploads\/2025\/05\/Agency.jpg\" class=\"\" alt=\"\" \/>    <\/div>\n<div class=\"kc-elm kc-css-618008 row\"><div class=\"kc-elm kc-css-63712 col-12 col-lg-12 column_inner\"><div class=\"d-flex flex-column contact-offset kc_wrapper kc-col-inner-container\"><div class=\"div-wrapper kc-elm kc-css-497518 purple-contact-box\"><div class=\"kc-elm kc-css-100178 kc_text_block\"><\/p>\n<p style=\"font-weight: 400;\"><strong>Contact for maritime agency<\/strong><\/p>\n<p style=\"font-weight: 400;\"><em><strong>General <\/strong><\/em><br \/><a href=\"mailto:husbandry@fersped.si\">husbandry@fersped.si<\/a><\/p>\n<p style=\"font-weight: 400;\"><strong>Agents<\/strong><\/p>\n<p style=\"font-weight: 400;\"><strong>Agent: <\/strong>Ognjen \u0160alipurovi\u0107<br \/><span style=\"font-weight: 600;\"><strong>Phone<\/strong>\u00a0: <\/span><a href=\"tel:+386 30 702 250\">+386 30 702 250<\/a><br \/><strong>E-mail: <\/strong><a href=\"mailto:ognjen.salipurovic@fersped.si\">ognjen.salipurovic@fersped.si<\/a><br \/><strong>Address<\/strong>\u00a0: Vojkovo nabre\u017eje 10, 6000 Koper<\/p>\n<p><strong style=\"font-weight: 400;\">Agent: <\/strong>Nejc \u017du\u017ei\u010d<br \/><span style=\"font-weight: 600; font-style: inherit;\"><strong>Phone<\/strong>\u00a0: <\/span><span style=\"font-style: inherit;\">+386 40 450 118<br \/><\/span><strong style=\"font-style: inherit;\"><strong>E-mail<\/strong>:<\/strong> <a style=\"font-style: inherit;\" href=\"mailto:nejc.zuzic@fersped.si\">nejc.zuzic@fersped.si<\/a><br \/><span style=\"font-style: inherit;\"><strong>Address<\/strong>\u00a0: Vojkovo nabre\u017eje 10, 6000 Koper<\/span><\/p>\n<p>\n<\/div><\/div><\/div><\/div><\/div><\/div><\/div><div class=\"kc-elm kc-css-864794 col-lg-6 column col-12\"><div class=\"kc-col-container\"><div class=\"div-wrapper kc-elm kc-css-294795 white-offset-left\">\n<div class=\"kc-elm kc-css-903185 kc-title-wrap \">\n\n\t<h2 class=\"kc_title\">Maritime agency<\/h2>\n<\/div>\n<div class=\"kc-elm kc-css-376660 kc_text_block\"><\/p>\n<p style=\"font-weight: 400;\">At the Port of Koper, we provide maritime agency services with unparalleled expertise and comprehensive services for shipowners, operators, and crew members. With decades of experience managing operations for leading companies in the maritime industry such as Maersk Line, we handle all necessary procedures for the smooth port calls.<\/p>\n<p style=\"font-weight: 400;\">We are located in close proximity to five international airports (within a two-hour drive). With an extensive network of trusted partners, crew exchanges will be quick and comfortable.<\/p>\n<p style=\"font-weight: 400;\">We ensure:<\/p>\n<ul>\n<li style=\"font-weight: 400;\">all procedures for the smooth port calls (URSP-PSC notification, electronic data interchange (EDI), coordination of berthing time windows, processing of customs manifests),<\/li>\n<li style=\"font-weight: 400;\">organization of certificate renewals and inspections,<\/li>\n<li style=\"font-weight: 400;\">delivery of spare parts and other parcels,\u00a0<\/li>\n<li style=\"font-weight: 400;\">crew exchanges, transportation arrangements, accommodation, and border (visa) formalities,<\/li>\n<li style=\"font-weight: 400;\">other services as per the client&#8217;s needs.<\/li>\n<\/ul>\n<p>\n<\/div><\/div><\/div><\/div><\/div><\/div><\/section><\/p>\n","protected":false},"excerpt":{"rendered":"","protected":false},"author":9,"featured_media":0,"parent":0,"menu_order":0,"comment_status":"closed","ping_status":"closed","template":"page-templates\/fullwidthpage.php","meta":{"_acf_changed":false,"footnotes":""},"class_list":["post-30688","page","type-page","status-publish","hentry"],"acf":[],"_links":{"self":[{"href":"https:\/\/fersped.si\/en\/wp-json\/wp\/v2\/pages\/30688","targetHints":{"allow":["GET"]}}],"collection":[{"href":"https:\/\/fersped.si\/en\/wp-json\/wp\/v2\/pages"}],"about":[{"href":"https:\/\/fersped.si\/en\/wp-json\/wp\/v2\/types\/page"}],"author":[{"embeddable":true,"href":"https:\/\/fersped.si\/en\/wp-json\/wp\/v2\/users\/9"}],"replies":[{"embeddable":true,"href":"https:\/\/fersped.si\/en\/wp-json\/wp\/v2\/comments?post=30688"}],"version-history":[{"count":31,"href":"https:\/\/fersped.si\/en\/wp-json\/wp\/v2\/pages\/30688\/revisions"}],"predecessor-version":[{"id":30968,"href":"https:\/\/fersped.si\/en\/wp-json\/wp\/v2\/pages\/30688\/revisions\/30968"}],"wp:attachment":[{"href":"https:\/\/fersped.si\/en\/wp-json\/wp\/v2\/media?parent=30688"}],"curies":[{"name":"wp","href":"https:\/\/api.w.org\/{rel}","templated":true}]}}