{"id":30685,"date":"2022-10-25T08:44:53","date_gmt":"2022-10-25T08:44:53","guid":{"rendered":"https:\/\/fersped.si\/pravilnik-o-zasebnosti\/"},"modified":"2023-03-09T12:44:42","modified_gmt":"2023-03-09T12:44:42","slug":"privicy-policy","status":"publish","type":"page","link":"https:\/\/fersped.si\/en\/privicy-policy\/","title":{"rendered":"Privicy policy"},"content":{"rendered":"<p><section class=\"kc-elm kc-css-926771 kc_row\"><div class=\" container\"><div class=\"row\"><div class=\"kc-elm kc-css-575656 col-lg-12 column col-12\"><div class=\"kc-col-container\"><div class=\"kc-elm kc-css-445877 kc_text_block\"><\/p>\n<p><strong>OMEJITEV ODGOVORNOSTI<\/strong><\/p>\n<p>To spletno mesto je bilo oblikovano z namenom omogo\u010diti splo\u0161no informacijo o podjetju Fersped d.o.o (v nadaljevanju: Fersped). Vsebine spletnega mesta so informativnega zna\u010daja. Fersped ne prevzemajo nikakr\u0161ne odgovornosti za to\u010dnost in popolnost objavljenih podatkov ali za kakr\u0161no koli \u0161kodo, ki bi bila uporabniku spletnega mesta povzro\u010dena kot posledica uporabe informacij na spletnem mestu. Pridr\u017eujemo si pravico, da uporabnike napotimo na druge strani svetovnega spleta in ne prevzemamo nikakr\u0161ne odgovornosti za njihovo vsebino.<\/p>\n<\/p>\n<p>Fersped bomo z vzdr\u017eevanjem vsebin spletnega mesta sku\u0161ale zagotavljati to\u010dnost in a\u017eurnost podatkov, vendar ne jam\u010dimo in ne prevzemamo odgovornosti za njihovo to\u010dnost ter celovitost. Vsi uporabniki objavljeno vsebino uporabljajo na lastno odgovornost. Fersped \u00a0si pridr\u017eujemo pravico do spreminjanja, dodajanja ali odstranitve spletnih strani (v celoti ali delno) brez predhodnega opozorila in ne prevzemamo odgovornosti za kakr\u0161ne koli posledice tak\u0161nih sprememb.<\/p>\n<\/p>\n<p><strong>AVTORSKE PRAVICE<\/strong><\/p>\n<p>Vse informacije in podobe na spletnem mestu so predmet avtorske za\u0161\u010dite ter drugih oblik za\u0161\u010dite intelektualne lastnine.<\/p>\n<\/p>\n<p>Reproducira se jih lahko izklju\u010dno v nekomercialne namene, pri \u010demer se morajo ohraniti tudi vsa navedena opozorila o avtorskih ali drugih pravicah. Na vsaki reprodukciji (kopiranje, reprodukcija, objava, prenos) morajo biti kot vir naveden Fersped.<\/p>\n<\/p>\n<p><strong>VAROVANJE ZASEBNOSTI<\/strong><\/p>\n<p>Fersped se zavezuje, da bomo varovali zaupnost osebnih podatkov uporabnikov spletnega mesta. Zbrane podatke bomo uporabili izklju\u010dno za izbolj\u0161anje uporabe spletnega mesta ter v namene, za katere jih bodo posredovali uporabniki spletnega mesta.Osebnih podatkov in kontaktnih informacij ne bomo uporabljali v druge namene ter jih brez izrecnega dovoljenja uporabnika spletnega mesta ne bomo razkrili tretjim strankam. Storili bomo vse, da va\u0161e osebne podatke za\u0161\u010ditimo pred kakr\u0161nimi koli kr\u0161itvami in zlorabami.<\/p>\n<\/p>\n<p>V podjetju Fersped spo\u0161tujemo zasebnost na\u0161ih strank, zato z njihovimi osebnimi podatki ravnamo odgovorno, pazljivo in skladno z v Republiki Sloveniji veljavnimi predpisi ter internimi akti dru\u017ebe.<\/p>\n<\/p>\n<p><strong>O PI\u0160KOTKIH IN NJIHOVI UPORABI NA NA\u0160I SPLETNI STRANI<\/strong><\/p>\n<p><strong>KAJ SO PI\u0160KOTKI?<\/strong><\/p>\n<p>Pi\u0161kotek je datoteka, ki shrani nastavitve spletnih strani. Spletna mesta pi\u0161kotke shranijo v naprave uporabnikov, s katerimi dostopajo do interneta z namenom prepoznavanja posameznih naprav in nastavitev, ki so jih uporabniki uporabili pri dostopu. Pi\u0161kotki omogo\u010dajo spletnim stranem prepoznavanje, \u010de je uporabnik \u017ee obiskal to spletno mesto in pri naprednih aplikacijah se lahko z njihovo pomo\u010djo ustrezno prilagodijo posamezne nastavitve. Njihovo shranjevanje je pod popolnim nadzorom brskalnika, ki ga uporablja uporabnik \u2013 ta lahko shranjevanje pi\u0161kotkov po \u017eelji omeji ali onemogo\u010di.<\/p>\n<\/p>\n<p><strong>ZAKAJ SO PI\u0160KOTKI POTREBNI?<\/strong><\/p>\n<p>Pi\u0161kotki so temeljnega pomena za zagotavljanje uporabniku prijaznih spletnih storitev; najpogostej\u0161e funkcije e-poslovanja ne bi bile mogo\u010de brez pi\u0161kotkov. Z njihovo pomo\u010djo si spletna stran zapomni posameznikove preference in izku\u0161nje, brskanje po spletnih straneh pa je s tem bolj u\u010dinkovito in prijetno. Razlogov za uporabo pi\u0161kotkov je ve\u010d. Uporabljajo se za shranjevanje podatkov o stanju posamezne spletne strani (podrobnosti o prilagoditvah posamezne spletne strani), pomagajo pri izvajanju spletnih storitev (npr spletne trgovine), pomagajo pri zbiranju statistik o uporabnikih in obiskanosti spletnega mesta, o navadah spletnega uporabnika. O priporo\u010deni in dovoljeni uporabi pi\u0161kotkov na spletnih straneh si lahko preberete tudi smernice informacijskega poobla\u0161\u010denca za uporabo pi\u0161kotkov .<\/p>\n<\/p>\n<p>Pi\u0161kotki, ki jih uporabljamo na na\u0161i spletni strani, ne zbirajo va\u0161ih osebnih podatkov, s katerimi bi vas bilo mogo\u010de osebno prepoznati in ne morejo po\u0161kodovati va\u0161ega ra\u010dunalnika, tablice ali mobilnega telefona. Pi\u0161kotki omogo\u010dajo delovanje na\u0161ega spletnega mesta in nam pomagajo razumeti, katere informacije so najkoristnej\u0161e za obiskovalce.<\/p>\n<\/p>\n<p><strong>PRIGLASITEV<\/strong><\/p>\n<p>Z uporabo tega spletnega mesta se strinjate, da to spletno mesto nastavi pi\u0161kotke na va\u0161em ra\u010dunalniku ali mobilni napravi.<\/p>\n<\/p>\n<p><strong>UPRAVLJANJE IN BRISANJE PI\u0160KOTKOV<\/strong><\/p>\n<p>\u010ce \u017eelite spremeniti na\u010din uporabe pi\u0161kotkov v brskalniku, vklju\u010dno z blokiranjem ali izbrisom, lahko to storite z ustrezno spremembo nastavitev brskalnika. Za upravljanje pi\u0161kotkov vam ve\u010dina brskalnikov omogo\u010da, da sprejmete ali zavrnete vse pi\u0161kotke, sprejmete samo dolo\u010deno vrsto pi\u0161kotkov ali pa vas opozori, da stran \u017eeli shraniti pi\u0161kotek. Pi\u0161kotke, ki jih je brskalnik shranil, lahko tudi enostavno izbri\u0161ete. \u010ce spremenite ali izbri\u0161ete brskalnikovo datoteko s pi\u0161kotki, spremenite ali nagradite va\u0161 brskalnik ali napravo, boste morda morali ponovno onemogo\u010diti pi\u0161kotke. Postopek za upravljanje in brisanje pi\u0161kotkov se razlikuje od brskalnika do brskalnika. \u010ce pri tem potrebujete pomo\u010d, lahko pogledate v brskalnikovi pomo\u010di uporabnikom.<\/p>\n<\/p>\n<p>V podjetju Fersped spo\u0161tujemo zasebnost na\u0161ih strank, zato z njihovimi osebnimi podatki ravnamo odgovorno, pazljivo in skladno z v Republiki Sloveniji veljavnimi predpisi ter internimi akti dru\u017ebe.<\/p>\n<p>\n<\/div><\/div><\/div><\/div><\/div><\/section><section class=\"kc-elm kc-css-643054 kc_row\"><div class=\" container\"><div class=\"row\"><div class=\"kc-elm kc-css-632301 col-lg-12 column col-12\"><div class=\"kc-col-container\"><div class=\"kc-elm kc-css-411789 kc_text_block\"><\/p>\n<h2>Website disclaimer<\/h2>\n<p>This website was designed to provide basic information about Fersped d.o.o (\u201cFersped\u201d). The information contained in this website is for general information purposes only. Fersped cannot guarantee the completeness or accuracy of the information provided on this website and will not accept liability for any such inaccuracies. Furthermore, Fersped shall not be held liable to any person for any damage whatsoever which may arise from the use of the information contained in this website. Fersped reserves the right to include hyperlinks to other websites provided by third parties. Fersped has no responsibility for the content on linked website(s). Whilst we endeavour to keep the information up to date and correct, Fersped makes no representations or warranties of any kind about the completeness and accuracy with respect to the website or the information contained on the website for any purpose. Any reliance you place on such material is at your own risk. Fersped reserves the right to change, add or remove portions of this website without notice. Fersped will not be liable for any loss or damage arising from such changes.<\/p>\n<h2>Copyright<\/h2>\n<p>This website and its content are copyright and intellectual property of Fersped. You may reproduce the content for non-commercial use only, but only if you include the associated notices regarding copyright and other rights.\u00a0 Any reproduction of part or all of the contents in any form (e.g. copy, redistribution, download) must acknowledge Fersped as the source of the material.<\/p>\n<h2>Privacy notice<\/h2>\n<p>Fersped shall keep confidential the personal data of users of this website. The data we collect is used to improve your experience when visiting our website. We will only use the personal data and contact information provided by you for the purposes for which you provide it and will not share it with third parties without your express consent. We will make every effort to protect your personal information against misuse and violations. We respect your privacy and exercise due care to protect your personal information in line with the applicable national regulations and the Group\u2019s internal rules.<\/p>\n<h2>Cookies and how we use them on our website<\/h2>\n<h3>What are cookies?<\/h3>\n<p>A cookie is a small file which stores your settings for a website. Cookies are stored on your computer by your web browser and serve as a mechanism for websites to remember the devices and settings previously used to access them. Cookies allow the website to recognise you on return visits and present you with information customised to your needs. Cookies are stored by your web browser &#8211; the activity of storing cookies can be changed in your browser settings to deny or accept individual or all cookies.<\/p>\n<h3>Why are cookies needed?<\/h3>\n<p>Cookies are used to provide a better website service &#8211; without cookies you would not be able to use some of the most common functionalities of e-business. Websites use cookies to \u2018remember\u2019 you by storing your preferences and generally improving your user experience.\u00a0 There are a number of reasons to use cookies. They serve as mechanisms to remember your browsing settings linked to a particular website, facilitate online services (e.g. in e-shopping), gather user metrics (such as preferences), and monitor visitors usage levels.\u00a0 For recommendations and rules on the use of cookies on websites, please read the relevant cookie guidelines issued by the Information Commissioner.<\/p>\n<p>Cookies used on our website in no way give us access to your computer, tablet or mobile phone nor do they give us any information about you, other than the data you choose to share with us. Cookies enable our website to function and help us provide you with a better website by allowing us to monitor which pages you find useful and which you do not.<\/p>\n<h3>Consent<\/h3>\n<p>This website uses cookies and by accessing the site you are giving consent for cookies to be placed on your computer or mobile device.<\/p>\n<h3>How do I manage and delete cookies?<\/h3>\n<p>Cookies can be managed by using your in-built browser settings to deny, accept or delete cookies.\u00a0 On accessing a website, your browser will give you the option to accept or refuse all cookies, to accept individual cookies, or it will inform you that the website wants to store cookies.\u00a0 Cookies stored by your browser can be deleted at any time.\u00a0 If you change or delete a browsing file with cookies or change or upgrade your browser or device, you might also have to disable cookies again. The activities of managing and deleting cookies are browser-specific. If you require assistance in setting your cookies, please contact your browser&#8217;s customer support. We respect your privacy and exercise due care to protect your personal information in line with the applicable national regulations and the Group\u2019s internal rules.<\/p>\n<p>\n<\/div><\/div><\/div><\/div><\/div><\/section><\/p>\n","protected":false},"excerpt":{"rendered":"","protected":false},"author":9,"featured_media":0,"parent":0,"menu_order":0,"comment_status":"closed","ping_status":"closed","template":"","meta":{"_acf_changed":false,"footnotes":""},"class_list":["post-30685","page","type-page","status-publish","hentry"],"acf":[],"_links":{"self":[{"href":"https:\/\/fersped.si\/en\/wp-json\/wp\/v2\/pages\/30685","targetHints":{"allow":["GET"]}}],"collection":[{"href":"https:\/\/fersped.si\/en\/wp-json\/wp\/v2\/pages"}],"about":[{"href":"https:\/\/fersped.si\/en\/wp-json\/wp\/v2\/types\/page"}],"author":[{"embeddable":true,"href":"https:\/\/fersped.si\/en\/wp-json\/wp\/v2\/users\/9"}],"replies":[{"embeddable":true,"href":"https:\/\/fersped.si\/en\/wp-json\/wp\/v2\/comments?post=30685"}],"version-history":[{"count":7,"href":"https:\/\/fersped.si\/en\/wp-json\/wp\/v2\/pages\/30685\/revisions"}],"predecessor-version":[{"id":30769,"href":"https:\/\/fersped.si\/en\/wp-json\/wp\/v2\/pages\/30685\/revisions\/30769"}],"wp:attachment":[{"href":"https:\/\/fersped.si\/en\/wp-json\/wp\/v2\/media?parent=30685"}],"curies":[{"name":"wp","href":"https:\/\/api.w.org\/{rel}","templated":true}]}}