{"id":30665,"date":"2023-03-01T14:08:33","date_gmt":"2023-03-01T14:08:33","guid":{"rendered":"https:\/\/fersped.si\/?page_id=30665"},"modified":"2023-03-09T13:09:55","modified_gmt":"2023-03-09T13:09:55","slug":"public-information","status":"publish","type":"page","link":"https:\/\/fersped.si\/en\/public-information\/","title":{"rendered":"Public information"},"content":{"rendered":"<p><section class=\"kc-elm kc-css-25958 kc_row\"><div class=\" container\"><div class=\"row\"><div class=\"kc-elm kc-css-316610 column col-lg-6\"><div class=\"kc-col-container\"><div class=\"kc-elm kc-css-490654 kc_text_block\"><\/p>\n<p><strong>Objave po priporo\u010dilih SDH<\/strong><\/p>\n<p>V skladu z Zakonom o dostopu do informacij javnega zna\u010daja \u2013 ZDIJZ, informacije javnega zna\u010daja objavljamo na spletni strani skupine Slovenske \u017eeleznice<\/p>\n<p>\n<\/div>\n<div class=\"kc-elm kc-css-603444\">\n\t<a class=\"kc_button btn btn-outline-primary\" href=\"#\" onclick=\"\">\n\t\tPreglej dokument\t<\/a>\n<\/div>\n<\/div><\/div><\/div><\/div><\/section><section class=\"kc-elm kc-css-823900 kc_row\"><div class=\" container\"><div class=\"row\"><div class=\"kc-elm kc-css-213523 column col-lg-6\"><div class=\"kc-col-container\"><div class=\"kc-elm kc-css-369390 kc_text_block\"><\/p>\n<p><strong>Publications according to SDH&#039;s recommendations<\/strong><\/p>\n<p>In accordance with the Act on access to public information &#8211; ZDIJZ, public information is published on the website of the Slovenske \u017eeleznice group.<\/p>\n<p>\n<\/div><\/div><\/div><\/div><\/div><\/section><section class=\"kc-elm kc-css-407961 kc_row\"><div class=\" container\"><div class=\"row\"><div class=\"kc-elm kc-css-158007 column col-lg-6\"><div class=\"kc-col-container\"><div class=\"kc-elm kc-css-234861 kc_text_block contact-links\"><\/p>\n<p><strong>Authorized person<\/strong><\/p>\n<p>Authorized person for forwarding information of a public nature for companies in the Slovenske \u017eeleznice group, with the exception of the companies S\u017d &#8211; Infrastruktura, d. o. o. and S\u017d \u2013 Passenger transport, d. o. o. is<\/p>\n<p><strong>Janez Krivec<\/strong><\/p>\n<p><em>E-mail<\/em> <a href=\"mailto:janez.krivec@slo-zeleznice.si\">janez.krivec@slo-zeleznice.si<\/a><br \/><em>Phone<\/em> <a href=\"tel:+386 1 29 14327\">+386 1 29 14327<\/a><\/p>\n<p>\n<\/div><\/div><\/div><\/div><\/div><\/section><\/p>\n","protected":false},"excerpt":{"rendered":"","protected":false},"author":9,"featured_media":0,"parent":0,"menu_order":0,"comment_status":"closed","ping_status":"closed","template":"page-templates\/fullwidthpage.php","meta":{"_acf_changed":false,"footnotes":""},"class_list":["post-30665","page","type-page","status-publish","hentry"],"acf":[],"_links":{"self":[{"href":"https:\/\/fersped.si\/en\/wp-json\/wp\/v2\/pages\/30665","targetHints":{"allow":["GET"]}}],"collection":[{"href":"https:\/\/fersped.si\/en\/wp-json\/wp\/v2\/pages"}],"about":[{"href":"https:\/\/fersped.si\/en\/wp-json\/wp\/v2\/types\/page"}],"author":[{"embeddable":true,"href":"https:\/\/fersped.si\/en\/wp-json\/wp\/v2\/users\/9"}],"replies":[{"embeddable":true,"href":"https:\/\/fersped.si\/en\/wp-json\/wp\/v2\/comments?post=30665"}],"version-history":[{"count":7,"href":"https:\/\/fersped.si\/en\/wp-json\/wp\/v2\/pages\/30665\/revisions"}],"predecessor-version":[{"id":30775,"href":"https:\/\/fersped.si\/en\/wp-json\/wp\/v2\/pages\/30665\/revisions\/30775"}],"wp:attachment":[{"href":"https:\/\/fersped.si\/en\/wp-json\/wp\/v2\/media?parent=30665"}],"curies":[{"name":"wp","href":"https:\/\/api.w.org\/{rel}","templated":true}]}}